{"id":73,"date":"2025-07-21T16:10:56","date_gmt":"2025-07-21T16:10:56","guid":{"rendered":"https:\/\/bmql25.cs.aau.dk\/?page_id=73"},"modified":"2025-08-11T12:37:53","modified_gmt":"2025-08-11T12:37:53","slug":"workshop-program","status":"publish","type":"page","link":"https:\/\/bmql25.cs.aau.dk\/?page_id=73","title":{"rendered":"Workshop Program"},"content":{"rendered":"\n<div class=\"wp-block-group has-global-padding is-layout-constrained wp-block-group-is-layout-constrained\">\n<p>Monday, 25 August 2025<\/p>\n\n\n\n<figure class=\"wp-block-table is-style-stripes has-medium-font-size\"><table><thead><tr><th>Time Slot<\/th><th class=\"has-text-align-left\" data-align=\"left\">Topic<\/th><th>Speaker<\/th><\/tr><\/thead><tbody><tr><td>8:30 &#8211; 9:30<\/td><td class=\"has-text-align-left\" data-align=\"left\">Coffee\/Registration<\/td><td><\/td><\/tr><tr><td>9:00 &#8211; 9:50<\/td><td class=\"has-text-align-left\" data-align=\"left\">Invited Talk<br><a href=\"https:\/\/bmql25.cs.aau.dk\/wp-content\/uploads\/2025\/08\/franck-van-breugel-invited-talk.pdf\">Behavioural distances: a logical approach<\/a><\/td><td>Franck van Breugel<\/td><\/tr><tr><td>9:50 &#8211; 10:20<\/td><td class=\"has-text-align-left\" data-align=\"left\">Coffee break<\/td><td><\/td><\/tr><tr><td><\/td><td class=\"has-text-align-left\" data-align=\"left\">Session 1: <\/td><td><\/td><\/tr><tr><td>10:20 &#8211; 10:50<\/td><td class=\"has-text-align-left\" data-align=\"left\"><em><strong><a href=\"https:\/\/bmql25.cs.aau.dk\/wp-content\/uploads\/2025\/08\/towards-an-axiomatisation-of-the-neighbourhood-monad-BMQL.pdf\">Towards an Axiomatisation of the Neighborhood Monad<\/a><\/strong><\/em><\/td><td>Chase Ford<\/td><\/tr><tr><td>10:55 &#8211; 11:25<\/td><td class=\"has-text-align-left\" data-align=\"left\"><em><strong><a href=\"https:\/\/bmql25.cs.aau.dk\/wp-content\/uploads\/2025\/08\/Salgado-Neves-bmql25.pdf\">On the additive structure of quantalic lambda-calculus<\/a><\/strong><\/em><\/td><td>Bruna Salgado<\/td><\/tr><tr><td>11:30 &#8211; 11:12<\/td><td class=\"has-text-align-left\" data-align=\"left\"><em><strong><a href=\"https:\/\/bmql25.cs.aau.dk\/wp-content\/uploads\/2025\/08\/bacci-moegelbergBMQL.pdf\">A Higher-Order Quantitative Logic<\/a><\/strong><\/em><\/td><td><br>Rasmus Ejlers M\u00f8gelberg<\/td><\/tr><tr><td>12:00 &#8211; 13:30<\/td><td class=\"has-text-align-left\" data-align=\"left\"><em><strong>Lunch break<\/strong><\/em><\/td><td><\/td><\/tr><tr><td>13:30 &#8211; 14:20<\/td><td class=\"has-text-align-left\" data-align=\"left\">Invited Talk<br><a href=\"https:\/\/bmql25.cs.aau.dk\/wp-content\/uploads\/2025\/08\/ana-sokolova-invited-talk.pdf\">epsilon-Distance via L\u00e9vy-Prokhorov Lifting<\/a><\/td><td>Ana Sokolova<\/td><\/tr><tr><td>14:20 &#8211; 14:45<\/td><td class=\"has-text-align-left\" data-align=\"left\">Coffee break<\/td><td><\/td><\/tr><tr><td><\/td><td class=\"has-text-align-left\" data-align=\"left\">Session 2: Learning<\/td><td><\/td><\/tr><tr><td>14:50 &#8211; 15:20<\/td><td class=\"has-text-align-left\" data-align=\"left\"><strong><em><a href=\"https:\/\/bmql25.cs.aau.dk\/wp-content\/uploads\/2025\/08\/Nicoletti_Stoelinga_BayesL.pdf\">BayesL: T<\/a><\/em><\/strong><em><strong><a href=\"https:\/\/bmql25.cs.aau.dk\/wp-content\/uploads\/2025\/08\/Nicoletti_Stoelinga_BayesL.pdf\">owards a Logical Framework for Bayesian Networks<\/a><\/strong><\/em><\/td><td>Stefano M. Nicoletti<\/td><\/tr><tr><td>15:25 &#8211; 15:55<\/td><td class=\"has-text-align-left\" data-align=\"left\"><em><strong><a href=\"https:\/\/bmql25.cs.aau.dk\/wp-content\/uploads\/2025\/08\/Samplestochastic_conformance_checking__extended_abstract_BMQL.pdf\">Stochastic Conformance Checking based on Variable-length Markov Chains: on metrics for probabilistic languages in Process Mining<\/a><\/strong><\/em><\/td><td>Andrea Vandin<\/td><\/tr><tr><td>15:55 &#8211; 16:15<\/td><td class=\"has-text-align-left\" data-align=\"left\"><em><strong>Coffee break<\/strong><\/em><\/td><td><\/td><\/tr><tr><td><\/td><td class=\"has-text-align-left\" data-align=\"left\">Session 3: Logic and Specifications<\/td><td><\/td><\/tr><tr><td>16:15 &#8211; 16:45<\/td><td class=\"has-text-align-left\" data-align=\"left\"><em><strong><a href=\"https:\/\/bmql25.cs.aau.dk\/wp-content\/uploads\/2025\/08\/BMQL_2025__Mandrali_final_version.pdf\">An algorithm for computing weighted LTL formulas in O-normal form<\/a><\/strong><\/em><\/td><td>Eleni Mandrali<\/td><\/tr><tr><td>16:50 &#8211; 17:20<\/td><td class=\"has-text-align-left\" data-align=\"left\"><em><strong><a href=\"https:\/\/bmql25.cs.aau.dk\/wp-content\/uploads\/2025\/07\/A-Quantitative-Metric-to-Evaluate-the-Satisfaction.pdf\">A Quantitative Metric to Evaluate the Satisfaction of Stylized Facts<\/a><\/strong><\/em><\/td><td>Jan Niklas Martin<\/td><\/tr><\/tbody><\/table><\/figure>\n<\/div>\n\n\n\n<div class=\"wp-block-group has-global-padding is-layout-constrained wp-block-group-is-layout-constrained\">\n<h2 class=\"wp-block-heading has-large-font-size\">ACCEPTED ABSTRACTS:<\/h2>\n\n\n\n<ul class=\"wp-block-list\">\n<li class=\"has-medium-font-size\"><a href=\"https:\/\/st.ihu.gr\/posts\/post-profiles\/eleni-mandrali\">Eleni Mandrali<\/a>.&nbsp;<em><strong><a href=\"https:\/\/bmql25.cs.aau.dk\/wp-content\/uploads\/2025\/08\/BMQL_2025__Mandrali_final_version.pdf\">An algorithm for computing weighted LTL formulas in O-normal form<\/a><\/strong><\/em><\/li>\n\n\n\n<li class=\"has-medium-font-size\"><a href=\"https:\/\/homes.cs.aau.dk\/~grbacci\">Giorgio Bacci<\/a>\u00a0and Rasmus Ejlers M\u00f8gelberg.\u00a0<em><strong><a href=\"https:\/\/bmql25.cs.aau.dk\/wp-content\/uploads\/2025\/08\/bacci-moegelbergBMQL.pdf\">A Higher-Order Quantitative Logic<\/a><\/strong><\/em><\/li>\n\n\n\n<li class=\"has-medium-font-size\">Jan Niklas Martin, Pia Wilsdorf and Adelinde M. Uhrmacher.&nbsp;<em><strong><a href=\"https:\/\/bmql25.cs.aau.dk\/wp-content\/uploads\/2025\/07\/A-Quantitative-Metric-to-Evaluate-the-Satisfaction.pdf\">A Quantitative Metric to Evaluate the Satisfaction of Stylized Facts<\/a><\/strong><\/em><\/li>\n\n\n\n<li class=\"has-medium-font-size\">Stefano Nicoletti and Marielle Stoelinga.<strong><em>&nbsp;<a href=\"https:\/\/bmql25.cs.aau.dk\/wp-content\/uploads\/2025\/08\/Nicoletti_Stoelinga_BayesL.pdf\">BayesL: T<\/a><\/em><\/strong><em><strong><a href=\"https:\/\/bmql25.cs.aau.dk\/wp-content\/uploads\/2025\/08\/Nicoletti_Stoelinga_BayesL.pdf\">owards a Logical Framework for Bayesian Networks<\/a><\/strong><\/em><\/li>\n\n\n\n<li class=\"has-medium-font-size\"><a href=\"https:\/\/sysma.imtlucca.it\/pages\/emilio-incerto\/\">Emilio Incerto<\/a>, Sima Sarv Ahrabi and&nbsp;<a href=\"https:\/\/www.santannapisa.it\/en\/andrea-vandin\">Andrea Vandin<\/a>.&nbsp;<em><strong><a href=\"https:\/\/bmql25.cs.aau.dk\/wp-content\/uploads\/2025\/08\/Samplestochastic_conformance_checking__extended_abstract_BMQL.pdf\">Stochastic Conformance Checking based on Variable-length Markov Chains: on metrics for probabilistic languages in Process Mining<\/a><\/strong><\/em><\/li>\n\n\n\n<li class=\"has-medium-font-size\">Bruna Salgado and Renato Neves.&nbsp;<em><strong><a href=\"https:\/\/bmql25.cs.aau.dk\/wp-content\/uploads\/2025\/08\/Salgado-Neves-bmql25.pdf\">On the additive structure of quantalic lambda-calculus<\/a><\/strong><\/em><\/li>\n\n\n\n<li class=\"has-medium-font-size\">Max Fan, Chase Ford, Jonas Forster, J\u00f3n H\u00e1kon Gar\u00f0arsson, Justin Hsu, Jessica Richards.&nbsp;<em><strong><a href=\"https:\/\/bmql25.cs.aau.dk\/wp-content\/uploads\/2025\/08\/towards-an-axiomatisation-of-the-neighbourhood-monad-BMQL.pdf\">Towards an Axiomatisation of the Neighborhood Monad<\/a><\/strong><\/em><\/li>\n<\/ul>\n<\/div>\n\n\n\n<p><\/p>\n","protected":false},"excerpt":{"rendered":"<p>Monday, 25 August 2025 Time Slot Topic Speaker 8:30 &#8211; 9:30 Coffee\/Registration 9:00 &#8211; 9:50 Invited TalkBehavioural distances: a logical approach Franck van Breugel 9:50 &#8211; 10:20 Coffee break Session 1: 10:20 &#8211; 10:50 Towards an Axiomatisation of the Neighborhood Monad Chase Ford 10:55 &#8211; 11:25 On the additive structure of quantalic lambda-calculus Bruna Salgado [&hellip;]<\/p>\n","protected":false},"author":2,"featured_media":0,"parent":0,"menu_order":0,"comment_status":"closed","ping_status":"closed","template":"","meta":{"footnotes":""},"class_list":["post-73","page","type-page","status-publish","hentry"],"_links":{"self":[{"href":"https:\/\/bmql25.cs.aau.dk\/index.php?rest_route=\/wp\/v2\/pages\/73","targetHints":{"allow":["GET"]}}],"collection":[{"href":"https:\/\/bmql25.cs.aau.dk\/index.php?rest_route=\/wp\/v2\/pages"}],"about":[{"href":"https:\/\/bmql25.cs.aau.dk\/index.php?rest_route=\/wp\/v2\/types\/page"}],"author":[{"embeddable":true,"href":"https:\/\/bmql25.cs.aau.dk\/index.php?rest_route=\/wp\/v2\/users\/2"}],"replies":[{"embeddable":true,"href":"https:\/\/bmql25.cs.aau.dk\/index.php?rest_route=%2Fwp%2Fv2%2Fcomments&post=73"}],"version-history":[{"count":22,"href":"https:\/\/bmql25.cs.aau.dk\/index.php?rest_route=\/wp\/v2\/pages\/73\/revisions"}],"predecessor-version":[{"id":129,"href":"https:\/\/bmql25.cs.aau.dk\/index.php?rest_route=\/wp\/v2\/pages\/73\/revisions\/129"}],"wp:attachment":[{"href":"https:\/\/bmql25.cs.aau.dk\/index.php?rest_route=%2Fwp%2Fv2%2Fmedia&parent=73"}],"curies":[{"name":"wp","href":"https:\/\/api.w.org\/{rel}","templated":true}]}}